{"id":26,"date":"2020-02-01T14:29:54","date_gmt":"2020-02-01T13:29:54","guid":{"rendered":"http:\/\/www.erfolgskonzept-marketing.de\/?page_id=26"},"modified":"2021-11-30T14:02:17","modified_gmt":"2021-11-30T13:02:17","slug":"effektives-marketing-fuer-kleine-und-mittelstaendische-unternehmen","status":"publish","type":"page","link":"http:\/\/www.erfolgskonzept-marketing.de\/","title":{"rendered":"Strategische Beratung f\u00fcr kleine und mittelst\u00e4ndische Unternehmen"},"content":{"rendered":"\n<p>Nach 15 Jahren in der strategischen Unternehmensberatung, der Beratung zu Marketing- und Vertriebsthemen sowie der Begleitung von Existenzgr\u00fcndern liegt der Fokus mit \u00dcbernahme der famili\u00e4ren Steuerkanzlei nun in der steuerlichen Beratung:<\/p>\n\n\n\n<p><strong><a href=\"http:\/\/stb-lutze.de\/\">zur Website der Steuerkanzlei Dana J. Lutze<\/a><\/strong><\/p>\n\n\n\n<p>Weiterhin wird die Beratung in den strategischen Kernbereichen &#8211; Businessplanung, Marketing, Vertrieb und Unternehmensstrategie &#8211; mittelst\u00e4ndischer Unternehmen und Existenzgr\u00fcnder begleitend im Rahmen der <strong>erfolgsKONZEPT<\/strong>  Unternehmensberatung fortgef\u00fchrt. <\/p>\n\n\n\n<p><\/p>\n","protected":false},"excerpt":{"rendered":"<p>Nach 15 Jahren in der strategischen Unternehmensberatung, der Beratung zu Marketing- und Vertriebsthemen sowie der Begleitung von Existenzgr\u00fcndern liegt der Fokus mit \u00dcbernahme der famili\u00e4ren Steuerkanzlei nun in der steuerlichen Beratung: zur Website der Steuerkanzlei Dana J. Lutze Weiterhin wird die Beratung in den strategischen Kernbereichen &#8211; Businessplanung, Marketing, Vertrieb und Unternehmensstrategie &#8211; mittelst\u00e4ndischer Unternehmen &hellip; <\/p>\n<p class=\"link-more\"><a href=\"http:\/\/www.erfolgskonzept-marketing.de\/\" class=\"more-link\"><span class=\"screen-reader-text\">\u201eStrategische Beratung f\u00fcr kleine und mittelst\u00e4ndische Unternehmen\u201c<\/span> weiterlesen<\/a><\/p>\n","protected":false},"author":1,"featured_media":0,"parent":0,"menu_order":0,"comment_status":"closed","ping_status":"closed","template":"","meta":[],"_links":{"self":[{"href":"http:\/\/www.erfolgskonzept-marketing.de\/index.php\/wp-json\/wp\/v2\/pages\/26"}],"collection":[{"href":"http:\/\/www.erfolgskonzept-marketing.de\/index.php\/wp-json\/wp\/v2\/pages"}],"about":[{"href":"http:\/\/www.erfolgskonzept-marketing.de\/index.php\/wp-json\/wp\/v2\/types\/page"}],"author":[{"embeddable":true,"href":"http:\/\/www.erfolgskonzept-marketing.de\/index.php\/wp-json\/wp\/v2\/users\/1"}],"replies":[{"embeddable":true,"href":"http:\/\/www.erfolgskonzept-marketing.de\/index.php\/wp-json\/wp\/v2\/comments?post=26"}],"version-history":[{"count":5,"href":"http:\/\/www.erfolgskonzept-marketing.de\/index.php\/wp-json\/wp\/v2\/pages\/26\/revisions"}],"predecessor-version":[{"id":100,"href":"http:\/\/www.erfolgskonzept-marketing.de\/index.php\/wp-json\/wp\/v2\/pages\/26\/revisions\/100"}],"wp:attachment":[{"href":"http:\/\/www.erfolgskonzept-marketing.de\/index.php\/wp-json\/wp\/v2\/media?parent=26"}],"curies":[{"name":"wp","href":"https:\/\/api.w.org\/{rel}","templated":true}]}}